{"id":876,"date":"2024-07-17T23:42:11","date_gmt":"2024-07-17T21:42:11","guid":{"rendered":"https:\/\/apromenrdc.org\/?page_id=876"},"modified":"2024-07-17T23:43:22","modified_gmt":"2024-07-17T21:43:22","slug":"devenez-membre","status":"publish","type":"page","link":"https:\/\/apromenrdc.org\/?page_id=876","title":{"rendered":"Devenez Membre"},"content":{"rendered":"<div class=\"frm_forms  with_frm_style frm_style_style-formidable\" id=\"frm_form_2_container\" data-token=\"7356082825ea0c5861fb261e8565cdc7\">\n<form enctype=\"multipart\/form-data\" method=\"post\" class=\"frm-show-form \" id=\"form_devenez-membre\" data-token=\"7356082825ea0c5861fb261e8565cdc7\">\n<div class=\"frm_form_fields \">\n<fieldset>\n<legend class=\"frm_screen_reader\">Devenez membre<\/legend>\r\n\r\n<div class=\"frm_fields_container\">\n<input type=\"hidden\" name=\"frm_action\" value=\"create\" \/>\n<input type=\"hidden\" name=\"form_id\" value=\"2\" \/>\n<input type=\"hidden\" name=\"frm_hide_fields_2\" id=\"frm_hide_fields_2\" value=\"\" \/>\n<input type=\"hidden\" name=\"form_key\" value=\"devenez-membre\" \/>\n<input type=\"hidden\" name=\"item_meta[0]\" value=\"\" \/>\n<input type=\"hidden\" id=\"frm_submit_entry_2\" name=\"frm_submit_entry_2\" value=\"efd5aa193c\" \/><input type=\"hidden\" name=\"_wp_http_referer\" value=\"\/index.php?rest_route=%2Fwp%2Fv2%2Fpages%2F876\" \/><div id=\"frm_field_12_container\" class=\"frm_form_field form-field  frm_required_field frm_none_container frm_half\">\r\n\t<div  id=\"field_wvavb_label\" class=\"frm_primary_label\">Nom\r\n\t\t<span class=\"frm_required\" aria-hidden=\"true\">*<\/span>\r\n\t<\/div>\r\n\t<fieldset aria-labelledby=\"field_wvavb_label\">\n\t<legend class=\"frm_screen_reader frm_hidden\">\n\t\tNom\t<\/legend>\n\n\t<div  class=\"frm_combo_inputs_container\" id=\"frm_combo_inputs_container_12\" data-name-layout=\"first_last\">\n\t\t\t\t\t<div\n\t\t\t\tid=\"frm_field_12-first_container\"\n\t\t\t\tclass=\"frm_form_field form-field frm_form_subfield-first  frm6\"\n\t\t\t\tdata-sub-field-name=\"first\"\n\t\t\t>\n\t\t\t\t<label for=\"field_wvavb_first\" class=\"frm_screen_reader frm_hidden\">\n\t\t\t\t\tNom\t\t\t\t<\/label>\n\n\t\t\t\t\t\t\t\t\t\t<input\n\t\t\t\t\t\t\ttype=\"text\"\n\t\t\t\t\t\t\tid=\"field_wvavb_first\"\n\t\t\t\t\t\t\tvalue=\"\"\n\t\t\t\t\t\t\tname=\"item_meta[12][first]\"  placeholder=\"Pr\u00e9nom\" data-reqmsg=\"Nom ne peut pas \u00eatre vide.\" aria-required=\"true\" data-invmsg=\"Nom est non valide\" aria-invalid=\"false\"  \t\t\t\t\t\t\/>\n\t\t\t\t\t\t\t\t\t<\/div>\n\t\t\t\t\t\t<div\n\t\t\t\tid=\"frm_field_12-last_container\"\n\t\t\t\tclass=\"frm_form_field form-field frm_form_subfield-last  frm6\"\n\t\t\t\tdata-sub-field-name=\"last\"\n\t\t\t>\n\t\t\t\t<label for=\"field_wvavb_last\" class=\"frm_screen_reader frm_hidden\">\n\t\t\t\t\tNom\t\t\t\t<\/label>\n\n\t\t\t\t\t\t\t\t\t\t<input\n\t\t\t\t\t\t\ttype=\"text\"\n\t\t\t\t\t\t\tid=\"field_wvavb_last\"\n\t\t\t\t\t\t\tvalue=\"\"\n\t\t\t\t\t\t\tname=\"item_meta[12][last]\"  placeholder=\"Nom\" data-reqmsg=\"Nom ne peut pas \u00eatre vide.\" aria-required=\"true\" data-invmsg=\"Nom est non valide\" aria-invalid=\"false\"  \t\t\t\t\t\t\/>\n\t\t\t\t\t\t\t\t\t<\/div>\n\t\t\t\t<\/div>\n<\/fieldset>\n\r\n\t\r\n\t\r\n<\/div>\n<div id=\"frm_field_13_container\" class=\"frm_form_field form-field  frm_required_field frm_top_container frm_half vertical_radio\">\r\n\t<div  id=\"field_5i0ff_label\" class=\"frm_primary_label\">Sexe\r\n\t\t<span class=\"frm_required\" aria-hidden=\"true\">*<\/span>\r\n\t<\/div>\r\n\t<div class=\"frm_opt_container\" aria-labelledby=\"field_5i0ff_label\" role=\"radiogroup\" aria-required=\"true\">\t\t<div class=\"frm_radio\" id=\"frm_radio_13-0\">\t\t\t<label  for=\"field_5i0ff-0\">\n\t\t\t\t\t<input type=\"radio\" name=\"item_meta[13]\" id=\"field_5i0ff-0\" value=\"Homme\"\n\t\t   data-reqmsg=\"Sexe ne peut pas \u00eatre vide.\" data-invmsg=\"Sexe est non valide\" aria-invalid=\"false\"  \/> Homme<\/label><\/div>\n\t\t<div class=\"frm_radio\" id=\"frm_radio_13-1\">\t\t\t<label  for=\"field_5i0ff-1\">\n\t\t\t\t\t<input type=\"radio\" name=\"item_meta[13]\" id=\"field_5i0ff-1\" value=\"Femme\"\n\t\t   data-reqmsg=\"Sexe ne peut pas \u00eatre vide.\" data-invmsg=\"Sexe est non valide\" aria-invalid=\"false\"  \/> Femme<\/label><\/div>\n<\/div>\r\n\t\r\n\t\r\n<\/div>\n<div id=\"frm_field_7_container\" class=\"frm_form_field form-field  frm_required_field frm_none_container frm_half\">\r\n\t<label for=\"field_5tr5s\" id=\"field_5tr5s_label\" class=\"frm_primary_label\">Adresse\r\n\t\t<span class=\"frm_required\" aria-hidden=\"true\">*<\/span>\r\n\t<\/label>\r\n\t<input type=\"text\" id=\"field_5tr5s\" name=\"item_meta[7]\" value=\"\"  placeholder=\"ex: 123, Av. bureau, C. gombe\" data-reqmsg=\"Adresse ne peut pas \u00eatre vide.\" aria-required=\"true\" data-invmsg=\"Adresse est non valide\" aria-invalid=\"false\"  \/>\r\n\t\r\n\t\r\n<\/div>\n<div id=\"frm_field_10_container\" class=\"frm_form_field form-field  frm_required_field frm_none_container frm_half\">\r\n\t<label for=\"field_jcf2u\" id=\"field_jcf2u_label\" class=\"frm_primary_label\">T\u00e9l\u00e9phone\r\n\t\t<span class=\"frm_required\" aria-hidden=\"true\">*<\/span>\r\n\t<\/label>\r\n\t<input type=\"tel\" id=\"field_jcf2u\" name=\"item_meta[10]\" value=\"\"  placeholder=\"T\u00e9l\u00e9phone\" data-reqmsg=\"T\u00e9l\u00e9phone ne peut pas \u00eatre vide.\" aria-required=\"true\" data-invmsg=\"T\u00e9l\u00e9phone est non valide\" aria-invalid=\"false\" pattern=\"((\\+\\d{1,3}(-|.| )?\\(?\\d\\)?(-| |.)?\\d{1,5})|(\\(?\\d{2,6}\\)?))(-|.| )?(\\d{3,4})(-|.| )?(\\d{4})(( x| ext)\\d{1,5}){0,1}$\"  \/>\r\n\t\r\n\t\r\n<\/div>\n<div id=\"frm_field_11_container\" class=\"frm_form_field form-field  frm_required_field frm_none_container frm6 frm_first\">\r\n\t<label for=\"field_f65wy\" id=\"field_f65wy_label\" class=\"frm_primary_label\">Email\r\n\t\t<span class=\"frm_required\" aria-hidden=\"true\">*<\/span>\r\n\t<\/label>\r\n\t<input type=\"email\" id=\"field_f65wy\" name=\"item_meta[11]\" value=\"\"  placeholder=\"E-mail\" data-reqmsg=\"Email ne peut pas \u00eatre vide.\" aria-required=\"true\" data-invmsg=\"Email est non valide\" aria-invalid=\"false\"  \/>\r\n\t\r\n\t\r\n<\/div>\n<div id=\"frm_field_15_container\" class=\"frm_form_field form-field  frm_required_field frm_top_container frm6 vertical_radio\">\r\n\t<div  id=\"field_kpop7_label\" class=\"frm_primary_label\">Comment avez-vous Connu APROMEN?\r\n\t\t<span class=\"frm_required\" aria-hidden=\"true\">*<\/span>\r\n\t<\/div>\r\n\t<div class=\"frm_opt_container\" aria-labelledby=\"field_kpop7_label\" role=\"radiogroup\" aria-required=\"true\">\t\t<div class=\"frm_radio\" id=\"frm_radio_15-0\">\t\t\t<label  for=\"field_kpop7-0\">\n\t\t\t\t\t<input type=\"radio\" name=\"item_meta[15]\" id=\"field_kpop7-0\" value=\"Par un membre\"\n\t\t   data-reqmsg=\"Comment avez-vous Connu APROMEN? ne peut pas \u00eatre vide.\" data-invmsg=\"Comment avez-vous Connu APROMEN? est non valide\" aria-invalid=\"false\"  \/> Par un membre<\/label><\/div>\n\t\t<div class=\"frm_radio\" id=\"frm_radio_15-1\">\t\t\t<label  for=\"field_kpop7-1\">\n\t\t\t\t\t<input type=\"radio\" name=\"item_meta[15]\" id=\"field_kpop7-1\" value=\"Via facebook\"\n\t\t   data-reqmsg=\"Comment avez-vous Connu APROMEN? ne peut pas \u00eatre vide.\" data-invmsg=\"Comment avez-vous Connu APROMEN? est non valide\" aria-invalid=\"false\"  \/> Via facebook<\/label><\/div>\n\t\t<div class=\"frm_radio\" id=\"frm_radio_15-2\">\t\t\t<label  for=\"field_kpop7-2\">\n\t\t\t\t\t<input type=\"radio\" name=\"item_meta[15]\" id=\"field_kpop7-2\" value=\"par la t\u00e9l\u00e9vision\"\n\t\t   data-reqmsg=\"Comment avez-vous Connu APROMEN? ne peut pas \u00eatre vide.\" data-invmsg=\"Comment avez-vous Connu APROMEN? est non valide\" aria-invalid=\"false\"  \/> par la t\u00e9l\u00e9vision<\/label><\/div>\n\t\t<div class=\"frm_radio\" id=\"frm_radio_15-3\">\t\t\t<label  for=\"field_kpop7-3\">\n\t\t\t\t\t<input type=\"radio\" name=\"item_meta[15]\" id=\"field_kpop7-3\" value=\"Par publicit\u00e9\"\n\t\t   data-reqmsg=\"Comment avez-vous Connu APROMEN? ne peut pas \u00eatre vide.\" data-invmsg=\"Comment avez-vous Connu APROMEN? est non valide\" aria-invalid=\"false\"  \/> Par publicit\u00e9<\/label><\/div>\n<\/div>\r\n\t\r\n\t\r\n<\/div>\n<div id=\"frm_field_16_container\" class=\"frm_form_field form-field  frm_top_container frm_half\">\r\n\t<label for=\"field_ws8x9\" id=\"field_ws8x9_label\" class=\"frm_primary_label\">Paragraphe\r\n\t\t<span class=\"frm_required\" aria-hidden=\"true\"><\/span>\r\n\t<\/label>\r\n\t<textarea name=\"item_meta[16]\" id=\"field_ws8x9\" rows=\"5\"  placeholder=\"Que pensez-vous de l&#039;APROMEN?\" data-invmsg=\"Paragraphe est non valide\" aria-invalid=\"false\"  ><\/textarea>\r\n\t\r\n\t\r\n<\/div>\n<div id=\"frm_field_6_container\" class=\"frm_form_field form-field \">\r\n\t<div class=\"frm_submit frm_flex\">\r\n<button class=\"frm_button_submit\" type=\"submit\"  >Envoyer<\/button>\r\n\r\n\r\n\r\n<\/div>\r\n<\/div>\n\t<input type=\"hidden\" name=\"item_key\" value=\"\" \/>\n\t\t\t\t<div class=\"frm__66981bb402564\">\n\t\t\t\t<label for=\"frm_email_2\" >\n\t\t\t\t\tSi vous \u00eates un humain, ne remplissez pas ce champ.\t\t\t\t<\/label>\n\t\t\t\t<input  id=\"frm_email_2\" type=\"text\" class=\"frm_verify\" name=\"frm__66981bb402564\" value=\"\" autocomplete=\"off\"  \/>\n\t\t\t<\/div>\n\t\t<\/div>\n<\/fieldset>\n<\/div>\n\n<\/form>\n<\/div>\n","protected":false},"excerpt":{"rendered":"","protected":false},"author":1,"featured_media":0,"parent":102,"menu_order":0,"comment_status":"closed","ping_status":"closed","template":"","meta":{"_acf_changed":false,"_gspb_post_css":"","om_disable_all_campaigns":false,"_monsterinsights_skip_tracking":false,"_monsterinsights_sitenote_active":false,"_monsterinsights_sitenote_note":"","_monsterinsights_sitenote_category":0,"_uf_show_specific_survey":0,"_uf_disable_surveys":false,"footnotes":""},"class_list":["post-876","page","type-page","status-publish","hentry"],"blocksy_meta":[],"acf":[],"yoast_head":"<!-- This site is optimized with the Yoast SEO plugin v24.5 - https:\/\/yoast.com\/wordpress\/plugins\/seo\/ -->\n<title>Devenez Membre - apromenrdc.org<\/title>\n<meta name=\"robots\" content=\"index, follow, max-snippet:-1, max-image-preview:large, max-video-preview:-1\" \/>\n<link rel=\"canonical\" href=\"https:\/\/apromenrdc.org\/?page_id=876\" \/>\n<meta property=\"og:locale\" content=\"fr_FR\" \/>\n<meta property=\"og:type\" content=\"article\" \/>\n<meta property=\"og:title\" content=\"Devenez Membre - apromenrdc.org\" \/>\n<meta property=\"og:url\" content=\"https:\/\/apromenrdc.org\/?page_id=876\" \/>\n<meta property=\"og:site_name\" content=\"apromenrdc.org\" \/>\n<meta property=\"article:publisher\" content=\"https:\/\/www.facebook.com\/apromenrdc?mibextid=LQQJ4d\" \/>\n<meta property=\"article:modified_time\" content=\"2024-07-17T21:43:22+00:00\" \/>\n<meta property=\"og:image\" content=\"https:\/\/apromenrdc.org\/wp-content\/uploads\/2024\/06\/LOGO_APROMEN_DRC_2.png\" \/>\n\t<meta property=\"og:image:width\" content=\"932\" \/>\n\t<meta property=\"og:image:height\" content=\"234\" \/>\n\t<meta property=\"og:image:type\" content=\"image\/png\" \/>\n<meta name=\"twitter:card\" content=\"summary_large_image\" \/>\n<meta name=\"twitter:label1\" content=\"Dur\u00e9e de lecture estim\u00e9e\" \/>\n\t<meta name=\"twitter:data1\" content=\"1 minute\" \/>\n<script type=\"application\/ld+json\" class=\"yoast-schema-graph\">{\"@context\":\"https:\/\/schema.org\",\"@graph\":[{\"@type\":\"WebPage\",\"@id\":\"https:\/\/apromenrdc.org\/?page_id=876\",\"url\":\"https:\/\/apromenrdc.org\/?page_id=876\",\"name\":\"Devenez Membre - apromenrdc.org\",\"isPartOf\":{\"@id\":\"https:\/\/apromenrdc.org\/#website\"},\"datePublished\":\"2024-07-17T21:42:11+00:00\",\"dateModified\":\"2024-07-17T21:43:22+00:00\",\"breadcrumb\":{\"@id\":\"https:\/\/apromenrdc.org\/?page_id=876#breadcrumb\"},\"inLanguage\":\"fr-FR\",\"potentialAction\":[{\"@type\":\"ReadAction\",\"target\":[\"https:\/\/apromenrdc.org\/?page_id=876\"]}]},{\"@type\":\"BreadcrumbList\",\"@id\":\"https:\/\/apromenrdc.org\/?page_id=876#breadcrumb\",\"itemListElement\":[{\"@type\":\"ListItem\",\"position\":1,\"name\":\"Accueil\",\"item\":\"https:\/\/apromenrdc.org\/\"},{\"@type\":\"ListItem\",\"position\":2,\"name\":\"A Propos\",\"item\":\"https:\/\/apromenrdc.org\/?page_id=102\"},{\"@type\":\"ListItem\",\"position\":3,\"name\":\"Devenez Membre\"}]},{\"@type\":\"WebSite\",\"@id\":\"https:\/\/apromenrdc.org\/#website\",\"url\":\"https:\/\/apromenrdc.org\/\",\"name\":\"apromenrdc\",\"description\":\"\",\"publisher\":{\"@id\":\"https:\/\/apromenrdc.org\/#organization\"},\"potentialAction\":[{\"@type\":\"SearchAction\",\"target\":{\"@type\":\"EntryPoint\",\"urlTemplate\":\"https:\/\/apromenrdc.org\/?s={search_term_string}\"},\"query-input\":{\"@type\":\"PropertyValueSpecification\",\"valueRequired\":true,\"valueName\":\"search_term_string\"}}],\"inLanguage\":\"fr-FR\"},{\"@type\":\"Organization\",\"@id\":\"https:\/\/apromenrdc.org\/#organization\",\"name\":\"apromen\",\"url\":\"https:\/\/apromenrdc.org\/\",\"logo\":{\"@type\":\"ImageObject\",\"inLanguage\":\"fr-FR\",\"@id\":\"https:\/\/apromenrdc.org\/#\/schema\/logo\/image\/\",\"url\":\"https:\/\/apromenrdc.org\/wp-content\/uploads\/2024\/06\/LOGO_APROMEN_DRC_2.png\",\"contentUrl\":\"https:\/\/apromenrdc.org\/wp-content\/uploads\/2024\/06\/LOGO_APROMEN_DRC_2.png\",\"width\":932,\"height\":234,\"caption\":\"apromen\"},\"image\":{\"@id\":\"https:\/\/apromenrdc.org\/#\/schema\/logo\/image\/\"},\"sameAs\":[\"https:\/\/www.facebook.com\/apromenrdc?mibextid=LQQJ4d\"]}]}<\/script>\n<!-- \/ Yoast SEO plugin. -->","yoast_head_json":{"title":"Devenez Membre - apromenrdc.org","robots":{"index":"index","follow":"follow","max-snippet":"max-snippet:-1","max-image-preview":"max-image-preview:large","max-video-preview":"max-video-preview:-1"},"canonical":"https:\/\/apromenrdc.org\/?page_id=876","og_locale":"fr_FR","og_type":"article","og_title":"Devenez Membre - apromenrdc.org","og_url":"https:\/\/apromenrdc.org\/?page_id=876","og_site_name":"apromenrdc.org","article_publisher":"https:\/\/www.facebook.com\/apromenrdc?mibextid=LQQJ4d","article_modified_time":"2024-07-17T21:43:22+00:00","og_image":[{"width":932,"height":234,"url":"https:\/\/apromenrdc.org\/wp-content\/uploads\/2024\/06\/LOGO_APROMEN_DRC_2.png","type":"image\/png"}],"twitter_card":"summary_large_image","twitter_misc":{"Dur\u00e9e de lecture estim\u00e9e":"1 minute"},"schema":{"@context":"https:\/\/schema.org","@graph":[{"@type":"WebPage","@id":"https:\/\/apromenrdc.org\/?page_id=876","url":"https:\/\/apromenrdc.org\/?page_id=876","name":"Devenez Membre - apromenrdc.org","isPartOf":{"@id":"https:\/\/apromenrdc.org\/#website"},"datePublished":"2024-07-17T21:42:11+00:00","dateModified":"2024-07-17T21:43:22+00:00","breadcrumb":{"@id":"https:\/\/apromenrdc.org\/?page_id=876#breadcrumb"},"inLanguage":"fr-FR","potentialAction":[{"@type":"ReadAction","target":["https:\/\/apromenrdc.org\/?page_id=876"]}]},{"@type":"BreadcrumbList","@id":"https:\/\/apromenrdc.org\/?page_id=876#breadcrumb","itemListElement":[{"@type":"ListItem","position":1,"name":"Accueil","item":"https:\/\/apromenrdc.org\/"},{"@type":"ListItem","position":2,"name":"A Propos","item":"https:\/\/apromenrdc.org\/?page_id=102"},{"@type":"ListItem","position":3,"name":"Devenez Membre"}]},{"@type":"WebSite","@id":"https:\/\/apromenrdc.org\/#website","url":"https:\/\/apromenrdc.org\/","name":"apromenrdc","description":"","publisher":{"@id":"https:\/\/apromenrdc.org\/#organization"},"potentialAction":[{"@type":"SearchAction","target":{"@type":"EntryPoint","urlTemplate":"https:\/\/apromenrdc.org\/?s={search_term_string}"},"query-input":{"@type":"PropertyValueSpecification","valueRequired":true,"valueName":"search_term_string"}}],"inLanguage":"fr-FR"},{"@type":"Organization","@id":"https:\/\/apromenrdc.org\/#organization","name":"apromen","url":"https:\/\/apromenrdc.org\/","logo":{"@type":"ImageObject","inLanguage":"fr-FR","@id":"https:\/\/apromenrdc.org\/#\/schema\/logo\/image\/","url":"https:\/\/apromenrdc.org\/wp-content\/uploads\/2024\/06\/LOGO_APROMEN_DRC_2.png","contentUrl":"https:\/\/apromenrdc.org\/wp-content\/uploads\/2024\/06\/LOGO_APROMEN_DRC_2.png","width":932,"height":234,"caption":"apromen"},"image":{"@id":"https:\/\/apromenrdc.org\/#\/schema\/logo\/image\/"},"sameAs":["https:\/\/www.facebook.com\/apromenrdc?mibextid=LQQJ4d"]}]}},"_links":{"self":[{"href":"https:\/\/apromenrdc.org\/index.php?rest_route=\/wp\/v2\/pages\/876","targetHints":{"allow":["GET"]}}],"collection":[{"href":"https:\/\/apromenrdc.org\/index.php?rest_route=\/wp\/v2\/pages"}],"about":[{"href":"https:\/\/apromenrdc.org\/index.php?rest_route=\/wp\/v2\/types\/page"}],"author":[{"embeddable":true,"href":"https:\/\/apromenrdc.org\/index.php?rest_route=\/wp\/v2\/users\/1"}],"replies":[{"embeddable":true,"href":"https:\/\/apromenrdc.org\/index.php?rest_route=%2Fwp%2Fv2%2Fcomments&post=876"}],"version-history":[{"count":1,"href":"https:\/\/apromenrdc.org\/index.php?rest_route=\/wp\/v2\/pages\/876\/revisions"}],"predecessor-version":[{"id":877,"href":"https:\/\/apromenrdc.org\/index.php?rest_route=\/wp\/v2\/pages\/876\/revisions\/877"}],"up":[{"embeddable":true,"href":"https:\/\/apromenrdc.org\/index.php?rest_route=\/wp\/v2\/pages\/102"}],"wp:attachment":[{"href":"https:\/\/apromenrdc.org\/index.php?rest_route=%2Fwp%2Fv2%2Fmedia&parent=876"}],"curies":[{"name":"wp","href":"https:\/\/api.w.org\/{rel}","templated":true}]}}