{"id":229,"date":"2018-09-27T22:42:38","date_gmt":"2018-09-27T20:42:38","guid":{"rendered":"http:\/\/http:\/\/apromen.org\/\/apromen\/?page_id=229"},"modified":"2024-07-19T21:48:46","modified_gmt":"2024-07-19T19:48:46","slug":"partenaire","status":"publish","type":"page","link":"https:\/\/apromenrdc.org\/?page_id=229","title":{"rendered":"Qui sommes-nous?"},"content":{"rendered":"\n<p>L\u2019Association pour la promotion de la m\u00e9trologie et la normalisation en RDCongo (APROMEN) est une organisation non gouvernementale dont le si\u00e8ge se trouve \u00e0 Kinshasa. Cette structure s\u2019occupe de la sensibilisation de toutes les couches de la population congolaise sur les normes socialement accept\u00e9es.<\/p>\n\n\n\n<p>Bertin Ntumba, en est le pr\u00e9sident et le promoteur<\/p>\n\n\n\n<p>Notre adresse 772 Avenue du d\u00e9p\u00f4t, quartier de la Gare, C\/Gombe (KINSHASA)<\/p>\n\n\n\n<p>Contactez nous au :<br>+243895019521<\/p>\n\n\n\n<p>Notre site web: https:\/\/apromenrdc.org\/<\/p>\n\n\n\n<p>Voici un article sur radio Okapi qui peut vous \u00e9clairer un peu plus sur nos activit\u00e9s<\/p>\n\n\n\n<p><a href=\"https:\/\/www.radiookapi.net\/regions\/kinshasa\/2012\/08\/15\/long-apromen-la-promotion-de-normes-socialement-admises-en-rdc\">https:\/\/www.radiookapi.net\/regions\/kinshasa\/2012\/08\/15\/long-apromen-la-promotion-de-normes-socialement-admises-en-rdc<\/a><\/p>\n","protected":false},"excerpt":{"rendered":"<p>L\u2019Association pour la promotion de la m\u00e9trologie et la normalisation en RDCongo (APROMEN) est une organisation non gouvernementale dont le si\u00e8ge se trouve \u00e0 Kinshasa. Cette structure s\u2019occupe de la sensibilisation de toutes les couches de la population congolaise sur les normes socialement accept\u00e9es. Bertin Ntumba, en est le pr\u00e9sident et le promoteur Notre adresse [&hellip;]<\/p>\n","protected":false},"author":1,"featured_media":0,"parent":102,"menu_order":0,"comment_status":"closed","ping_status":"closed","template":"","meta":{"_acf_changed":false,"_gspb_post_css":"","om_disable_all_campaigns":false,"_monsterinsights_skip_tracking":false,"_monsterinsights_sitenote_active":false,"_monsterinsights_sitenote_note":"","_monsterinsights_sitenote_category":0,"_uf_show_specific_survey":0,"_uf_disable_surveys":false,"footnotes":""},"class_list":["post-229","page","type-page","status-publish","hentry"],"blocksy_meta":[],"acf":[],"yoast_head":"<!-- This site is optimized with the Yoast SEO plugin v24.5 - https:\/\/yoast.com\/wordpress\/plugins\/seo\/ -->\n<title>- apromenrdc - qui sommes-nous?<\/title>\n<meta name=\"description\" content=\"L\u2019Association pour la promotion de la m\u00e9trologie et la normalisation en RDC (APROMEN) est une organisation non gouvernementale dont le si\u00e8ge se trouve \u00e0 Kinshasa. Cette structure s\u2019occupe de la sensibilisation de toutes les couches de la population congolaise sur les normes socialement accept\u00e9es.Bertin Ntumba, en est le pr\u00e9sident et le promoteur\" \/>\n<meta name=\"robots\" content=\"index, follow, max-snippet:-1, max-image-preview:large, max-video-preview:-1\" \/>\n<link rel=\"canonical\" href=\"https:\/\/apromenrdc.org\/?page_id=229\" \/>\n<meta property=\"og:locale\" content=\"fr_FR\" \/>\n<meta property=\"og:type\" content=\"article\" \/>\n<meta property=\"og:title\" content=\"- apromenrdc - qui sommes-nous?\" \/>\n<meta property=\"og:description\" content=\"L\u2019Association pour la promotion de la m\u00e9trologie et la normalisation en RDC (APROMEN) est une organisation non gouvernementale dont le si\u00e8ge se trouve \u00e0 Kinshasa. Cette structure s\u2019occupe de la sensibilisation de toutes les couches de la population congolaise sur les normes socialement accept\u00e9es.Bertin Ntumba, en est le pr\u00e9sident et le promoteur\" \/>\n<meta property=\"og:url\" content=\"https:\/\/apromenrdc.org\/?page_id=229\" \/>\n<meta property=\"og:site_name\" content=\"apromenrdc.org\" \/>\n<meta property=\"article:publisher\" content=\"https:\/\/www.facebook.com\/apromenrdc?mibextid=LQQJ4d\" \/>\n<meta property=\"article:modified_time\" content=\"2024-07-19T19:48:46+00:00\" \/>\n<meta property=\"og:image\" content=\"https:\/\/apromenrdc.org\/wp-content\/uploads\/2024\/06\/LOGO_APROMEN_DRC_2.png\" \/>\n\t<meta property=\"og:image:width\" content=\"932\" \/>\n\t<meta property=\"og:image:height\" content=\"234\" \/>\n\t<meta property=\"og:image:type\" content=\"image\/png\" \/>\n<meta name=\"twitter:card\" content=\"summary_large_image\" \/>\n<meta name=\"twitter:label1\" content=\"Dur\u00e9e de lecture estim\u00e9e\" \/>\n\t<meta name=\"twitter:data1\" content=\"1 minute\" \/>\n<script type=\"application\/ld+json\" class=\"yoast-schema-graph\">{\"@context\":\"https:\/\/schema.org\",\"@graph\":[{\"@type\":\"WebPage\",\"@id\":\"https:\/\/apromenrdc.org\/?page_id=229\",\"url\":\"https:\/\/apromenrdc.org\/?page_id=229\",\"name\":\"- apromenrdc - qui sommes-nous?\",\"isPartOf\":{\"@id\":\"https:\/\/apromenrdc.org\/#website\"},\"datePublished\":\"2018-09-27T20:42:38+00:00\",\"dateModified\":\"2024-07-19T19:48:46+00:00\",\"description\":\"L\u2019Association pour la promotion de la m\u00e9trologie et la normalisation en RDC (APROMEN) est une organisation non gouvernementale dont le si\u00e8ge se trouve \u00e0 Kinshasa. Cette structure s\u2019occupe de la sensibilisation de toutes les couches de la population congolaise sur les normes socialement accept\u00e9es.Bertin Ntumba, en est le pr\u00e9sident et le promoteur\",\"breadcrumb\":{\"@id\":\"https:\/\/apromenrdc.org\/?page_id=229#breadcrumb\"},\"inLanguage\":\"fr-FR\",\"potentialAction\":[{\"@type\":\"ReadAction\",\"target\":[\"https:\/\/apromenrdc.org\/?page_id=229\"]}]},{\"@type\":\"BreadcrumbList\",\"@id\":\"https:\/\/apromenrdc.org\/?page_id=229#breadcrumb\",\"itemListElement\":[{\"@type\":\"ListItem\",\"position\":1,\"name\":\"Accueil\",\"item\":\"https:\/\/apromenrdc.org\/\"},{\"@type\":\"ListItem\",\"position\":2,\"name\":\"A Propos\",\"item\":\"https:\/\/apromenrdc.org\/?page_id=102\"},{\"@type\":\"ListItem\",\"position\":3,\"name\":\"Qui sommes-nous?\"}]},{\"@type\":\"WebSite\",\"@id\":\"https:\/\/apromenrdc.org\/#website\",\"url\":\"https:\/\/apromenrdc.org\/\",\"name\":\"apromenrdc\",\"description\":\"\",\"publisher\":{\"@id\":\"https:\/\/apromenrdc.org\/#organization\"},\"potentialAction\":[{\"@type\":\"SearchAction\",\"target\":{\"@type\":\"EntryPoint\",\"urlTemplate\":\"https:\/\/apromenrdc.org\/?s={search_term_string}\"},\"query-input\":{\"@type\":\"PropertyValueSpecification\",\"valueRequired\":true,\"valueName\":\"search_term_string\"}}],\"inLanguage\":\"fr-FR\"},{\"@type\":\"Organization\",\"@id\":\"https:\/\/apromenrdc.org\/#organization\",\"name\":\"apromen\",\"url\":\"https:\/\/apromenrdc.org\/\",\"logo\":{\"@type\":\"ImageObject\",\"inLanguage\":\"fr-FR\",\"@id\":\"https:\/\/apromenrdc.org\/#\/schema\/logo\/image\/\",\"url\":\"https:\/\/apromenrdc.org\/wp-content\/uploads\/2024\/06\/LOGO_APROMEN_DRC_2.png\",\"contentUrl\":\"https:\/\/apromenrdc.org\/wp-content\/uploads\/2024\/06\/LOGO_APROMEN_DRC_2.png\",\"width\":932,\"height\":234,\"caption\":\"apromen\"},\"image\":{\"@id\":\"https:\/\/apromenrdc.org\/#\/schema\/logo\/image\/\"},\"sameAs\":[\"https:\/\/www.facebook.com\/apromenrdc?mibextid=LQQJ4d\"]}]}<\/script>\n<!-- \/ Yoast SEO plugin. -->","yoast_head_json":{"title":"- apromenrdc - qui sommes-nous?","description":"L\u2019Association pour la promotion de la m\u00e9trologie et la normalisation en RDC (APROMEN) est une organisation non gouvernementale dont le si\u00e8ge se trouve \u00e0 Kinshasa. Cette structure s\u2019occupe de la sensibilisation de toutes les couches de la population congolaise sur les normes socialement accept\u00e9es.Bertin Ntumba, en est le pr\u00e9sident et le promoteur","robots":{"index":"index","follow":"follow","max-snippet":"max-snippet:-1","max-image-preview":"max-image-preview:large","max-video-preview":"max-video-preview:-1"},"canonical":"https:\/\/apromenrdc.org\/?page_id=229","og_locale":"fr_FR","og_type":"article","og_title":"- apromenrdc - qui sommes-nous?","og_description":"L\u2019Association pour la promotion de la m\u00e9trologie et la normalisation en RDC (APROMEN) est une organisation non gouvernementale dont le si\u00e8ge se trouve \u00e0 Kinshasa. Cette structure s\u2019occupe de la sensibilisation de toutes les couches de la population congolaise sur les normes socialement accept\u00e9es.Bertin Ntumba, en est le pr\u00e9sident et le promoteur","og_url":"https:\/\/apromenrdc.org\/?page_id=229","og_site_name":"apromenrdc.org","article_publisher":"https:\/\/www.facebook.com\/apromenrdc?mibextid=LQQJ4d","article_modified_time":"2024-07-19T19:48:46+00:00","og_image":[{"width":932,"height":234,"url":"https:\/\/apromenrdc.org\/wp-content\/uploads\/2024\/06\/LOGO_APROMEN_DRC_2.png","type":"image\/png"}],"twitter_card":"summary_large_image","twitter_misc":{"Dur\u00e9e de lecture estim\u00e9e":"1 minute"},"schema":{"@context":"https:\/\/schema.org","@graph":[{"@type":"WebPage","@id":"https:\/\/apromenrdc.org\/?page_id=229","url":"https:\/\/apromenrdc.org\/?page_id=229","name":"- apromenrdc - qui sommes-nous?","isPartOf":{"@id":"https:\/\/apromenrdc.org\/#website"},"datePublished":"2018-09-27T20:42:38+00:00","dateModified":"2024-07-19T19:48:46+00:00","description":"L\u2019Association pour la promotion de la m\u00e9trologie et la normalisation en RDC (APROMEN) est une organisation non gouvernementale dont le si\u00e8ge se trouve \u00e0 Kinshasa. Cette structure s\u2019occupe de la sensibilisation de toutes les couches de la population congolaise sur les normes socialement accept\u00e9es.Bertin Ntumba, en est le pr\u00e9sident et le promoteur","breadcrumb":{"@id":"https:\/\/apromenrdc.org\/?page_id=229#breadcrumb"},"inLanguage":"fr-FR","potentialAction":[{"@type":"ReadAction","target":["https:\/\/apromenrdc.org\/?page_id=229"]}]},{"@type":"BreadcrumbList","@id":"https:\/\/apromenrdc.org\/?page_id=229#breadcrumb","itemListElement":[{"@type":"ListItem","position":1,"name":"Accueil","item":"https:\/\/apromenrdc.org\/"},{"@type":"ListItem","position":2,"name":"A Propos","item":"https:\/\/apromenrdc.org\/?page_id=102"},{"@type":"ListItem","position":3,"name":"Qui sommes-nous?"}]},{"@type":"WebSite","@id":"https:\/\/apromenrdc.org\/#website","url":"https:\/\/apromenrdc.org\/","name":"apromenrdc","description":"","publisher":{"@id":"https:\/\/apromenrdc.org\/#organization"},"potentialAction":[{"@type":"SearchAction","target":{"@type":"EntryPoint","urlTemplate":"https:\/\/apromenrdc.org\/?s={search_term_string}"},"query-input":{"@type":"PropertyValueSpecification","valueRequired":true,"valueName":"search_term_string"}}],"inLanguage":"fr-FR"},{"@type":"Organization","@id":"https:\/\/apromenrdc.org\/#organization","name":"apromen","url":"https:\/\/apromenrdc.org\/","logo":{"@type":"ImageObject","inLanguage":"fr-FR","@id":"https:\/\/apromenrdc.org\/#\/schema\/logo\/image\/","url":"https:\/\/apromenrdc.org\/wp-content\/uploads\/2024\/06\/LOGO_APROMEN_DRC_2.png","contentUrl":"https:\/\/apromenrdc.org\/wp-content\/uploads\/2024\/06\/LOGO_APROMEN_DRC_2.png","width":932,"height":234,"caption":"apromen"},"image":{"@id":"https:\/\/apromenrdc.org\/#\/schema\/logo\/image\/"},"sameAs":["https:\/\/www.facebook.com\/apromenrdc?mibextid=LQQJ4d"]}]}},"_links":{"self":[{"href":"https:\/\/apromenrdc.org\/index.php?rest_route=\/wp\/v2\/pages\/229","targetHints":{"allow":["GET"]}}],"collection":[{"href":"https:\/\/apromenrdc.org\/index.php?rest_route=\/wp\/v2\/pages"}],"about":[{"href":"https:\/\/apromenrdc.org\/index.php?rest_route=\/wp\/v2\/types\/page"}],"author":[{"embeddable":true,"href":"https:\/\/apromenrdc.org\/index.php?rest_route=\/wp\/v2\/users\/1"}],"replies":[{"embeddable":true,"href":"https:\/\/apromenrdc.org\/index.php?rest_route=%2Fwp%2Fv2%2Fcomments&post=229"}],"version-history":[{"count":5,"href":"https:\/\/apromenrdc.org\/index.php?rest_route=\/wp\/v2\/pages\/229\/revisions"}],"predecessor-version":[{"id":890,"href":"https:\/\/apromenrdc.org\/index.php?rest_route=\/wp\/v2\/pages\/229\/revisions\/890"}],"up":[{"embeddable":true,"href":"https:\/\/apromenrdc.org\/index.php?rest_route=\/wp\/v2\/pages\/102"}],"wp:attachment":[{"href":"https:\/\/apromenrdc.org\/index.php?rest_route=%2Fwp%2Fv2%2Fmedia&parent=229"}],"curies":[{"name":"wp","href":"https:\/\/api.w.org\/{rel}","templated":true}]}}