{"id":227,"date":"2018-09-27T22:41:57","date_gmt":"2018-09-27T20:41:57","guid":{"rendered":"http:\/\/http:\/\/apromen.org\/\/apromen\/?page_id=227"},"modified":"2018-09-27T22:41:57","modified_gmt":"2018-09-27T20:41:57","slug":"contactez-nous","status":"publish","type":"page","link":"https:\/\/apromenrdc.org\/?page_id=227","title":{"rendered":"contactez-nous"},"content":{"rendered":"<p><strong><u>CONTACTS APROMEN\u00a0:<\/u><\/strong><\/p>\n<p><strong>\u00a0<\/strong><\/p>\n<p><strong>Site\u00a0: <a href=\"http:\/\/www.apromenrdc.com\">www.apromenrdc.com<\/a> <\/strong><\/p>\n<p>&nbsp;<\/p>\n<p>Bertin NTUMBA BULULU\u00a0: Pr\u00e9sident<\/p>\n<p>Tel\u00a0: 00243 815043047 \/ 00243 851523488<\/p>\n<p>E-mail\u00a0: <a href=\"mailto:bertin_bu2002@yahoo.fr\">bertin_bu2002@yahoo.fr<\/a><\/p>\n<p>&nbsp;<\/p>\n<p>Modeste KAZEGE CIZUNGU\u00a0: Secr\u00e9taire G\u00e9n\u00e9ral\u00a0:<\/p>\n<p>Tel\u00a0: 00243 998044312 \/<\/p>\n<p>E-mail\u00a0:kazege@gmail.com<\/p>\n<p>&nbsp;<\/p>\n<p>J\u00e9r\u00f4me NGANDU KANGUDI\u00a0: Secr\u00e9taire G\u00e9n\u00e9ral Adjoint<\/p>\n<p>Tel\u00a0: 00243 818133346<\/p>\n<p>E-mail\u00a0: ngandujerome@yahoo.fr<\/p>\n<p>&nbsp;<\/p>\n<p>Jonathan BIYETIDI: Charg\u00e9 des missions<\/p>\n<p>Tel: 00243 997834227<\/p>\n<p>E-mail\u00a0:biyetidi@yahoo.fr<\/p>\n<p>&nbsp;<\/p>\n<p>&nbsp;<\/p>\n<p>Eva Roger KALONJI NKESE : Responsable des Relations Publiques<\/p>\n<p>Tel\u00a0: 00243 852271055<\/p>\n<p>E-mail\u00a0: evarogerk@yahoo.fr<\/p>\n<p>&nbsp;<\/p>\n<p><strong><u>WEB MASTER APROMEN<\/u><\/strong><strong>: Marcmulenga@gmail.com\/ Bululu.ben@gmail.com<br \/>\n<\/strong><\/p>\n<p>&nbsp;<\/p>\n<p><strong><u>L\u2019<\/u><\/strong><strong><u>APROMEN PARTICIPE AUX ACTIVITES DE<\/u><\/strong><\/p>\n<p><strong>\u00a0<\/strong><\/p>\n<ul>\n<li><strong>R\u00e9seau Normalisation et Francophonie \u201cRNF\u201d <\/strong><\/li>\n<\/ul>\n<p><strong><a href=\"http:\/\/WWW.lernf.org\">www.lernf.org<\/a> en qualit\u00e9 de membre<\/strong><\/p>\n<p><strong>\u00a0<\/strong><\/p>\n<p><strong>\u00a0<\/strong><\/p>\n<ul>\n<li><strong>International Federation of Standards Users \u201cIFAN\u201d<\/strong><\/li>\n<\/ul>\n<p><strong>(en fran\u00e7ais\u00a0: F\u00e9d\u00e9ration Internationale des Utilisateurs des Normes)<\/strong><\/p>\n<p><strong><a href=\"http:\/\/WWW.ifan.org\">WWW.ifan.org<\/a> en qualit\u00e9 de Developing Member <\/strong><\/p>\n<p>&nbsp;<\/p>\n<p><strong>VISION DE L\u2019IFAN\u00a0: Elimination des Obstacles Techniques au Commerce (OTC)<\/strong><\/p>\n<p><strong>par l&rsquo;utilisation des Normes Internationales<\/strong><\/p>\n<p>L&rsquo;IFAN rassemble et consolide les int\u00e9r\u00eats et points de vue des utilisateurs de normes sur tous les aspects li\u00e9s \u00e0 la normalisation et l&rsquo;\u00e9valuation de la conformit\u00e9. Elle coop\u00e8re \u00e9galement avec les organismes de normalisation internationaux et r\u00e9gionaux afin de leur communiquer les remarques et points de vue des utilisateurs.<\/p>\n","protected":false},"excerpt":{"rendered":"<p>CONTACTS APROMEN\u00a0: \u00a0 Site\u00a0: www.apromenrdc.com &nbsp; Bertin NTUMBA BULULU\u00a0: Pr\u00e9sident Tel\u00a0: 00243 815043047 \/ 00243 851523488 E-mail\u00a0: bertin_bu2002@yahoo.fr &nbsp; Modeste KAZEGE CIZUNGU\u00a0: Secr\u00e9taire G\u00e9n\u00e9ral\u00a0: Tel\u00a0: 00243 998044312 \/ E-mail\u00a0:kazege@gmail.com &nbsp; J\u00e9r\u00f4me NGANDU KANGUDI\u00a0: Secr\u00e9taire G\u00e9n\u00e9ral Adjoint Tel\u00a0: 00243 818133346 E-mail\u00a0: ngandujerome@yahoo.fr &nbsp; Jonathan BIYETIDI: Charg\u00e9 des missions Tel: 00243 997834227 E-mail\u00a0:biyetidi@yahoo.fr &nbsp; &nbsp; Eva Roger [&hellip;]<\/p>\n","protected":false},"author":1,"featured_media":0,"parent":102,"menu_order":0,"comment_status":"closed","ping_status":"closed","template":"","meta":{"_acf_changed":false,"_gspb_post_css":"","om_disable_all_campaigns":false,"_monsterinsights_skip_tracking":false,"_monsterinsights_sitenote_active":false,"_monsterinsights_sitenote_note":"","_monsterinsights_sitenote_category":0,"_uf_show_specific_survey":0,"_uf_disable_surveys":false,"footnotes":""},"class_list":["post-227","page","type-page","status-publish","hentry"],"blocksy_meta":[],"acf":[],"yoast_head":"<!-- This site is optimized with the Yoast SEO plugin v24.5 - https:\/\/yoast.com\/wordpress\/plugins\/seo\/ -->\n<title>contactez-nous - apromenrdc.org<\/title>\n<meta name=\"robots\" content=\"index, follow, max-snippet:-1, max-image-preview:large, max-video-preview:-1\" \/>\n<link rel=\"canonical\" href=\"https:\/\/apromenrdc.org\/?page_id=227\" \/>\n<meta property=\"og:locale\" content=\"fr_FR\" \/>\n<meta property=\"og:type\" content=\"article\" \/>\n<meta property=\"og:title\" content=\"contactez-nous - apromenrdc.org\" \/>\n<meta property=\"og:description\" content=\"CONTACTS APROMEN\u00a0: \u00a0 Site\u00a0: www.apromenrdc.com &nbsp; Bertin NTUMBA BULULU\u00a0: Pr\u00e9sident Tel\u00a0: 00243 815043047 \/ 00243 851523488 E-mail\u00a0: bertin_bu2002@yahoo.fr &nbsp; Modeste KAZEGE CIZUNGU\u00a0: Secr\u00e9taire G\u00e9n\u00e9ral\u00a0: Tel\u00a0: 00243 998044312 \/ E-mail\u00a0:kazege@gmail.com &nbsp; J\u00e9r\u00f4me NGANDU KANGUDI\u00a0: Secr\u00e9taire G\u00e9n\u00e9ral Adjoint Tel\u00a0: 00243 818133346 E-mail\u00a0: ngandujerome@yahoo.fr &nbsp; Jonathan BIYETIDI: Charg\u00e9 des missions Tel: 00243 997834227 E-mail\u00a0:biyetidi@yahoo.fr &nbsp; &nbsp; Eva Roger [&hellip;]\" \/>\n<meta property=\"og:url\" content=\"https:\/\/apromenrdc.org\/?page_id=227\" \/>\n<meta property=\"og:site_name\" content=\"apromenrdc.org\" \/>\n<meta property=\"article:publisher\" content=\"https:\/\/www.facebook.com\/apromenrdc?mibextid=LQQJ4d\" \/>\n<meta property=\"og:image\" content=\"https:\/\/apromenrdc.org\/wp-content\/uploads\/2024\/06\/LOGO_APROMEN_DRC_2.png\" \/>\n\t<meta property=\"og:image:width\" content=\"932\" \/>\n\t<meta property=\"og:image:height\" content=\"234\" \/>\n\t<meta property=\"og:image:type\" content=\"image\/png\" \/>\n<meta name=\"twitter:card\" content=\"summary_large_image\" \/>\n<meta name=\"twitter:label1\" content=\"Dur\u00e9e de lecture estim\u00e9e\" \/>\n\t<meta name=\"twitter:data1\" content=\"1 minute\" \/>\n<script type=\"application\/ld+json\" class=\"yoast-schema-graph\">{\"@context\":\"https:\/\/schema.org\",\"@graph\":[{\"@type\":\"WebPage\",\"@id\":\"https:\/\/apromenrdc.org\/?page_id=227\",\"url\":\"https:\/\/apromenrdc.org\/?page_id=227\",\"name\":\"contactez-nous - apromenrdc.org\",\"isPartOf\":{\"@id\":\"https:\/\/apromenrdc.org\/#website\"},\"datePublished\":\"2018-09-27T20:41:57+00:00\",\"breadcrumb\":{\"@id\":\"https:\/\/apromenrdc.org\/?page_id=227#breadcrumb\"},\"inLanguage\":\"fr-FR\",\"potentialAction\":[{\"@type\":\"ReadAction\",\"target\":[\"https:\/\/apromenrdc.org\/?page_id=227\"]}]},{\"@type\":\"BreadcrumbList\",\"@id\":\"https:\/\/apromenrdc.org\/?page_id=227#breadcrumb\",\"itemListElement\":[{\"@type\":\"ListItem\",\"position\":1,\"name\":\"Accueil\",\"item\":\"https:\/\/apromenrdc.org\/\"},{\"@type\":\"ListItem\",\"position\":2,\"name\":\"A Propos\",\"item\":\"https:\/\/apromenrdc.org\/?page_id=102\"},{\"@type\":\"ListItem\",\"position\":3,\"name\":\"contactez-nous\"}]},{\"@type\":\"WebSite\",\"@id\":\"https:\/\/apromenrdc.org\/#website\",\"url\":\"https:\/\/apromenrdc.org\/\",\"name\":\"apromenrdc\",\"description\":\"\",\"publisher\":{\"@id\":\"https:\/\/apromenrdc.org\/#organization\"},\"potentialAction\":[{\"@type\":\"SearchAction\",\"target\":{\"@type\":\"EntryPoint\",\"urlTemplate\":\"https:\/\/apromenrdc.org\/?s={search_term_string}\"},\"query-input\":{\"@type\":\"PropertyValueSpecification\",\"valueRequired\":true,\"valueName\":\"search_term_string\"}}],\"inLanguage\":\"fr-FR\"},{\"@type\":\"Organization\",\"@id\":\"https:\/\/apromenrdc.org\/#organization\",\"name\":\"apromen\",\"url\":\"https:\/\/apromenrdc.org\/\",\"logo\":{\"@type\":\"ImageObject\",\"inLanguage\":\"fr-FR\",\"@id\":\"https:\/\/apromenrdc.org\/#\/schema\/logo\/image\/\",\"url\":\"https:\/\/apromenrdc.org\/wp-content\/uploads\/2024\/06\/LOGO_APROMEN_DRC_2.png\",\"contentUrl\":\"https:\/\/apromenrdc.org\/wp-content\/uploads\/2024\/06\/LOGO_APROMEN_DRC_2.png\",\"width\":932,\"height\":234,\"caption\":\"apromen\"},\"image\":{\"@id\":\"https:\/\/apromenrdc.org\/#\/schema\/logo\/image\/\"},\"sameAs\":[\"https:\/\/www.facebook.com\/apromenrdc?mibextid=LQQJ4d\"]}]}<\/script>\n<!-- \/ Yoast SEO plugin. -->","yoast_head_json":{"title":"contactez-nous - apromenrdc.org","robots":{"index":"index","follow":"follow","max-snippet":"max-snippet:-1","max-image-preview":"max-image-preview:large","max-video-preview":"max-video-preview:-1"},"canonical":"https:\/\/apromenrdc.org\/?page_id=227","og_locale":"fr_FR","og_type":"article","og_title":"contactez-nous - apromenrdc.org","og_description":"CONTACTS APROMEN\u00a0: \u00a0 Site\u00a0: www.apromenrdc.com &nbsp; Bertin NTUMBA BULULU\u00a0: Pr\u00e9sident Tel\u00a0: 00243 815043047 \/ 00243 851523488 E-mail\u00a0: bertin_bu2002@yahoo.fr &nbsp; Modeste KAZEGE CIZUNGU\u00a0: Secr\u00e9taire G\u00e9n\u00e9ral\u00a0: Tel\u00a0: 00243 998044312 \/ E-mail\u00a0:kazege@gmail.com &nbsp; J\u00e9r\u00f4me NGANDU KANGUDI\u00a0: Secr\u00e9taire G\u00e9n\u00e9ral Adjoint Tel\u00a0: 00243 818133346 E-mail\u00a0: ngandujerome@yahoo.fr &nbsp; Jonathan BIYETIDI: Charg\u00e9 des missions Tel: 00243 997834227 E-mail\u00a0:biyetidi@yahoo.fr &nbsp; &nbsp; Eva Roger [&hellip;]","og_url":"https:\/\/apromenrdc.org\/?page_id=227","og_site_name":"apromenrdc.org","article_publisher":"https:\/\/www.facebook.com\/apromenrdc?mibextid=LQQJ4d","og_image":[{"width":932,"height":234,"url":"https:\/\/apromenrdc.org\/wp-content\/uploads\/2024\/06\/LOGO_APROMEN_DRC_2.png","type":"image\/png"}],"twitter_card":"summary_large_image","twitter_misc":{"Dur\u00e9e de lecture estim\u00e9e":"1 minute"},"schema":{"@context":"https:\/\/schema.org","@graph":[{"@type":"WebPage","@id":"https:\/\/apromenrdc.org\/?page_id=227","url":"https:\/\/apromenrdc.org\/?page_id=227","name":"contactez-nous - apromenrdc.org","isPartOf":{"@id":"https:\/\/apromenrdc.org\/#website"},"datePublished":"2018-09-27T20:41:57+00:00","breadcrumb":{"@id":"https:\/\/apromenrdc.org\/?page_id=227#breadcrumb"},"inLanguage":"fr-FR","potentialAction":[{"@type":"ReadAction","target":["https:\/\/apromenrdc.org\/?page_id=227"]}]},{"@type":"BreadcrumbList","@id":"https:\/\/apromenrdc.org\/?page_id=227#breadcrumb","itemListElement":[{"@type":"ListItem","position":1,"name":"Accueil","item":"https:\/\/apromenrdc.org\/"},{"@type":"ListItem","position":2,"name":"A Propos","item":"https:\/\/apromenrdc.org\/?page_id=102"},{"@type":"ListItem","position":3,"name":"contactez-nous"}]},{"@type":"WebSite","@id":"https:\/\/apromenrdc.org\/#website","url":"https:\/\/apromenrdc.org\/","name":"apromenrdc","description":"","publisher":{"@id":"https:\/\/apromenrdc.org\/#organization"},"potentialAction":[{"@type":"SearchAction","target":{"@type":"EntryPoint","urlTemplate":"https:\/\/apromenrdc.org\/?s={search_term_string}"},"query-input":{"@type":"PropertyValueSpecification","valueRequired":true,"valueName":"search_term_string"}}],"inLanguage":"fr-FR"},{"@type":"Organization","@id":"https:\/\/apromenrdc.org\/#organization","name":"apromen","url":"https:\/\/apromenrdc.org\/","logo":{"@type":"ImageObject","inLanguage":"fr-FR","@id":"https:\/\/apromenrdc.org\/#\/schema\/logo\/image\/","url":"https:\/\/apromenrdc.org\/wp-content\/uploads\/2024\/06\/LOGO_APROMEN_DRC_2.png","contentUrl":"https:\/\/apromenrdc.org\/wp-content\/uploads\/2024\/06\/LOGO_APROMEN_DRC_2.png","width":932,"height":234,"caption":"apromen"},"image":{"@id":"https:\/\/apromenrdc.org\/#\/schema\/logo\/image\/"},"sameAs":["https:\/\/www.facebook.com\/apromenrdc?mibextid=LQQJ4d"]}]}},"_links":{"self":[{"href":"https:\/\/apromenrdc.org\/index.php?rest_route=\/wp\/v2\/pages\/227","targetHints":{"allow":["GET"]}}],"collection":[{"href":"https:\/\/apromenrdc.org\/index.php?rest_route=\/wp\/v2\/pages"}],"about":[{"href":"https:\/\/apromenrdc.org\/index.php?rest_route=\/wp\/v2\/types\/page"}],"author":[{"embeddable":true,"href":"https:\/\/apromenrdc.org\/index.php?rest_route=\/wp\/v2\/users\/1"}],"replies":[{"embeddable":true,"href":"https:\/\/apromenrdc.org\/index.php?rest_route=%2Fwp%2Fv2%2Fcomments&post=227"}],"version-history":[{"count":0,"href":"https:\/\/apromenrdc.org\/index.php?rest_route=\/wp\/v2\/pages\/227\/revisions"}],"up":[{"embeddable":true,"href":"https:\/\/apromenrdc.org\/index.php?rest_route=\/wp\/v2\/pages\/102"}],"wp:attachment":[{"href":"https:\/\/apromenrdc.org\/index.php?rest_route=%2Fwp%2Fv2%2Fmedia&parent=227"}],"curies":[{"name":"wp","href":"https:\/\/api.w.org\/{rel}","templated":true}]}}