{"id":211,"date":"2018-09-27T21:11:29","date_gmt":"2018-09-27T19:11:29","guid":{"rendered":"http:\/\/http:\/\/apromen.org\/\/apromen\/?page_id=211"},"modified":"2024-07-19T20:41:22","modified_gmt":"2024-07-19T18:41:22","slug":"faq","status":"publish","type":"page","link":"https:\/\/apromenrdc.org\/?page_id=211","title":{"rendered":"FAQ"},"content":{"rendered":"\t\t\t\t\t\t<style>\r\n\t\t\t\t<style>\r\n#wpsm_accordion_880 .wpsm_panel-heading{\r\n\tpadding:0px !important;\r\n}\r\n#wpsm_accordion_880 .wpsm_panel-title {\r\n\tmargin:0px !important; \r\n\ttext-transform:none !important;\r\n\tline-height: 1 !important;\r\n}\r\n#wpsm_accordion_880 .wpsm_panel-title a{\r\n\ttext-decoration:none;\r\n\toverflow:hidden;\r\n\tdisplay:block;\r\n\tpadding:0px;\r\n\tfont-size: 18px !important;\r\n\tfont-family: Arial !important;\r\n\tcolor:#000000 !important;\r\n\tborder-bottom:0px !important;\r\n}\r\n\r\n#wpsm_accordion_880 .wpsm_panel-title a:focus {\r\noutline: 0px !important;\r\n}\r\n\r\n#wpsm_accordion_880 .wpsm_panel-title a:hover, #wpsm_accordion_880 .wpsm_panel-title a:focus {\r\n\tcolor:#000000 !important;\r\n}\r\n#wpsm_accordion_880 .acc-a{\r\n\tcolor: #000000 !important;\r\n\tbackground-color:#e8e8e8 !important;\r\n\tborder-color: #ddd;\r\n}\r\n#wpsm_accordion_880 .wpsm_panel-default > .wpsm_panel-heading{\r\n\tcolor: #000000 !important;\r\n\tbackground-color: #e8e8e8 !important;\r\n\tborder-color: #e8e8e8 !important;\r\n\tborder-top-left-radius: 0px;\r\n\tborder-top-right-radius: 0px;\r\n}\r\n#wpsm_accordion_880 .wpsm_panel-default {\r\n\t\tborder:1px solid transparent !important;\r\n\t}\r\n#wpsm_accordion_880 {\r\n\tmargin-bottom: 20px;\r\n\toverflow: hidden;\r\n\tfloat: none;\r\n\twidth: 100%;\r\n\tdisplay: block;\r\n}\r\n#wpsm_accordion_880 .ac_title_class{\r\n\tdisplay: block;\r\n\tpadding-top: 12px;\r\n\tpadding-bottom: 12px;\r\n\tpadding-left: 15px;\r\n\tpadding-right: 15px;\r\n}\r\n#wpsm_accordion_880  .wpsm_panel {\r\n\toverflow:hidden;\r\n\t-webkit-box-shadow: 0 0px 0px rgba(0, 0, 0, .05);\r\n\tbox-shadow: 0 0px 0px rgba(0, 0, 0, .05);\r\n\t\tborder-radius: 4px;\r\n\t}\r\n#wpsm_accordion_880  .wpsm_panel + .wpsm_panel {\r\n\t\tmargin-top: 5px;\r\n\t}\r\n#wpsm_accordion_880  .wpsm_panel-body{\r\n\tbackground-color:#ffffff !important;\r\n\tcolor:#000000 !important;\r\n\tborder-top-color: #e8e8e8 !important;\r\n\tfont-size:16px !important;\r\n\tfont-family: Arial !important;\r\n\toverflow: hidden;\r\n\t\tborder: 2px solid #e8e8e8 !important;\r\n\t}\r\n\r\n#wpsm_accordion_880 .ac_open_cl_icon{\r\n\tbackground-color:#e8e8e8 !important;\r\n\tcolor: #000000 !important;\r\n\tfloat:right !important;\r\n\tpadding-top: 12px !important;\r\n\tpadding-bottom: 12px !important;\r\n\tline-height: 1.0 !important;\r\n\tpadding-left: 15px !important;\r\n\tpadding-right: 15px !important;\r\n\tdisplay: inline-block !important;\r\n}\r\n\r\n\t\t\t\r\n\t\t\t<\/style>\t\r\n\t\t\t<\/style>\r\n\t\t\t<div class=\"wpsm_panel-group\" id=\"wpsm_accordion_880\" >\r\n\t\t\t\t\t\t\t\t\r\n\t\t\t\t\t<!-- Inner panel Start -->\r\n\t\t\t\t\t<div class=\"wpsm_panel wpsm_panel-default\">\r\n\t\t\t\t\t\t<div class=\"wpsm_panel-heading\" role=\"tab\" >\r\n\t\t\t\t\t\t  <h4 class=\"wpsm_panel-title\">\r\n\t\t\t\t\t\t\t<a  class=\"\"  data-toggle=\"collapse\" data-parent=\"#wpsm_accordion_880 \" href=\"javascript:void(0)\" data-target=\"#ac_880_collapse1\" onclick=\"do_resize()\">\r\n\t\t\t\t\t\t\t\t\t\t\t\t\t\t\t\t\t<span class=\"ac_open_cl_icon fa fa-minus\"><\/span>\r\n\t\t\t\t\t\t\t\t\t\r\n\t\t\t\t\t\t\t\t \r\n\t\t\t\t\t\t\t\t<span class=\"ac_title_class\">\r\n\t\t\t\t\t\t\t\t\tQu\u2019est-ce qu\u2019une norme volontaire ?\t\t\t\t\t\t\t\t<\/span>\r\n\t\t\t\t\t\t\t<\/a>\r\n\t\t\t\t\t\t  <\/h4>\r\n\t\t\t\t\t\t<\/div>\r\n\t\t\t\t\t\t<div id=\"ac_880_collapse1\" class=\"wpsm_panel-collapse collapse in\"  >\r\n\t\t\t\t\t\t  <div class=\"wpsm_panel-body\">\r\n\t\t\t\t\t\t\tLanc\u00e9e \u00e0 l\u2019initiative des acteurs du march\u00e9, la norme volontaire est un cadre de r\u00e9f\u00e9rence qui vise \u00e0 fournir des lignes directrices, des prescriptions techniques ou qualitatives pour des produits, services ou pratiques au service de l\u2019int\u00e9r\u00eat g\u00e9n\u00e9ral. Elle est le fruit d\u2019une co-production consensuelle entre les professionnels et les utilisateurs qui se sont engag\u00e9s dans son \u00e9laboration. Toute organisation peut ou non l\u2019utiliser et s\u2019y r\u00e9f\u00e9rer ; c\u2019est pourquoi la norme est dite volontaire.\t\t\t\t\t\t  <\/div>\r\n\t\t\t\t\t\t<\/div>\r\n\t\t\t\t\t<\/div>\r\n\t\t\t\t\t<!-- Inner panel End -->\r\n\t\t\t\t\t\r\n\t\t\t\t\t\t\t\t\r\n\t\t\t\t\t<!-- Inner panel Start -->\r\n\t\t\t\t\t<div class=\"wpsm_panel wpsm_panel-default\">\r\n\t\t\t\t\t\t<div class=\"wpsm_panel-heading\" role=\"tab\" >\r\n\t\t\t\t\t\t  <h4 class=\"wpsm_panel-title\">\r\n\t\t\t\t\t\t\t<a  class=\"collapsed\"  data-toggle=\"collapse\" data-parent=\"#wpsm_accordion_880 \" href=\"javascript:void(0)\" data-target=\"#ac_880_collapse2\" onclick=\"do_resize()\">\r\n\t\t\t\t\t\t\t\t\t\t\t\t\t\t\t\t\t<span class=\"ac_open_cl_icon fa fa-plus\"><\/span>\r\n\t\t\t\t\t\t\t\t\t\r\n\t\t\t\t\t\t\t\t \r\n\t\t\t\t\t\t\t\t<span class=\"ac_title_class\">\r\n\t\t\t\t\t\t\t\t\tA quoi sert une norme volontaire ?\t\t\t\t\t\t\t\t<\/span>\r\n\t\t\t\t\t\t\t<\/a>\r\n\t\t\t\t\t\t  <\/h4>\r\n\t\t\t\t\t\t<\/div>\r\n\t\t\t\t\t\t<div id=\"ac_880_collapse2\" class=\"wpsm_panel-collapse collapse \"  >\r\n\t\t\t\t\t\t  <div class=\"wpsm_panel-body\">\r\n\t\t\t\t\t\t\tLes normes volontaires reposent sur l\u2019obtention du consensus entre tous les acteurs et en ce sens elles mettent tout le monde d\u2019accord : les acteurs \u00e9conomiques et les consommateurs, les professionnels et les utilisateurs, pour clarifier et harmoniser les pratiques et d\u00e9finir le niveau de qualit\u00e9, de s\u00e9curit\u00e9, de compatibilit\u00e9, de moindre impact environnemental des produits, services et pratiques. De ce fait, elles facilitent les \u00e9changes commerciaux, tant nationaux qu\u2019internationaux, et contribuent \u00e0 mieux structurer l\u2019\u00e9conomie et \u00e0 simplifier la vie quotidienne de chacun.\t\t\t\t\t\t  <\/div>\r\n\t\t\t\t\t\t<\/div>\r\n\t\t\t\t\t<\/div>\r\n\t\t\t\t\t<!-- Inner panel End -->\r\n\t\t\t\t\t\r\n\t\t\t\t\t\t\t\t\r\n\t\t\t\t\t<!-- Inner panel Start -->\r\n\t\t\t\t\t<div class=\"wpsm_panel wpsm_panel-default\">\r\n\t\t\t\t\t\t<div class=\"wpsm_panel-heading\" role=\"tab\" >\r\n\t\t\t\t\t\t  <h4 class=\"wpsm_panel-title\">\r\n\t\t\t\t\t\t\t<a  class=\"collapsed\"  data-toggle=\"collapse\" data-parent=\"#wpsm_accordion_880 \" href=\"javascript:void(0)\" data-target=\"#ac_880_collapse3\" onclick=\"do_resize()\">\r\n\t\t\t\t\t\t\t\t\t\t\t\t\t\t\t\t\t<span class=\"ac_open_cl_icon fa fa-plus\"><\/span>\r\n\t\t\t\t\t\t\t\t\t\r\n\t\t\t\t\t\t\t\t \r\n\t\t\t\t\t\t\t\t<span class=\"ac_title_class\">\r\n\t\t\t\t\t\t\t\t\tComment est fabriqu\u00e9e une norme ?\t\t\t\t\t\t\t\t<\/span>\r\n\t\t\t\t\t\t\t<\/a>\r\n\t\t\t\t\t\t  <\/h4>\r\n\t\t\t\t\t\t<\/div>\r\n\t\t\t\t\t\t<div id=\"ac_880_collapse3\" class=\"wpsm_panel-collapse collapse \"  >\r\n\t\t\t\t\t\t  <div class=\"wpsm_panel-body\">\r\n\t\t\t\t\t\t\ta norme est outil co-produit collectivement d\u2019application volontaire. Ce sont les acteurs du march\u00e9 qui proposent sa cr\u00e9ation, l\u2019\u00e9laborent par consensus au sein d\u2019un collectif de travail d\u00e9di\u00e9 (les commissions de normalisation), la valident et l\u2019appliquent.\r\nDes industriels, consommateurs, repr\u00e9sentants d\u2019ONG ou de pouvoirs publics proposent un nouveau sujet de norme volontaire ou la r\u00e9vision d\u2019une norme volontaire.\r\nPicto\r\n2. La proposition est \u00e9tudi\u00e9e par AFNOR en consultant les acteurs du secteur.\r\nPicto\r\n3. Si la proposition est approuv\u00e9e, une commission de normalisation est constitu\u00e9e avec les acteurs du secteur int\u00e9ress\u00e9s.\r\nPicto\r\n4. Le projet est soumis \u00e0 une enqu\u00eate publique ouverte \u00e0 tous.\r\nPicto\r\n5. La commission de normalisation analyse les commentaires et am\u00e9liore le projet.\r\nPicto\r\n6. Le projet de norme ou de r\u00e9vision est valid\u00e9 puis publi\u00e9\r\nPicto\r\n7. La norme est pr\u00eate \u00e0 \u00eatre utilis\u00e9e par les acteurs. Elle pourra faire l\u2019objet d\u2019une r\u00e9vision tous les 3 \u00e0 5 ans.\r\n\t\t\t\t\t\t  <\/div>\r\n\t\t\t\t\t\t<\/div>\r\n\t\t\t\t\t<\/div>\r\n\t\t\t\t\t<!-- Inner panel End -->\r\n\t\t\t\t\t\r\n\t\t\t\t\t\t\t\t\r\n\t\t\t\t\t<!-- Inner panel Start -->\r\n\t\t\t\t\t<div class=\"wpsm_panel wpsm_panel-default\">\r\n\t\t\t\t\t\t<div class=\"wpsm_panel-heading\" role=\"tab\" >\r\n\t\t\t\t\t\t  <h4 class=\"wpsm_panel-title\">\r\n\t\t\t\t\t\t\t<a  class=\"collapsed\"  data-toggle=\"collapse\" data-parent=\"#wpsm_accordion_880 \" href=\"javascript:void(0)\" data-target=\"#ac_880_collapse4\" onclick=\"do_resize()\">\r\n\t\t\t\t\t\t\t\t\t\t\t\t\t\t\t\t\t<span class=\"ac_open_cl_icon fa fa-plus\"><\/span>\r\n\t\t\t\t\t\t\t\t\t\r\n\t\t\t\t\t\t\t\t \r\n\t\t\t\t\t\t\t\t<span class=\"ac_title_class\">\r\n\t\t\t\t\t\t\t\t\tQue peut-on normaliser ?\t\t\t\t\t\t\t\t<\/span>\r\n\t\t\t\t\t\t\t<\/a>\r\n\t\t\t\t\t\t  <\/h4>\r\n\t\t\t\t\t\t<\/div>\r\n\t\t\t\t\t\t<div id=\"ac_880_collapse4\" class=\"wpsm_panel-collapse collapse \"  >\r\n\t\t\t\t\t\t  <div class=\"wpsm_panel-body\">\r\n\t\t\t\t\t\t\te format d\u2019une feuille A4, l\u2019eau potable, un casque de chantier, le service client d\u2019une grande entreprise ou les avis de consommateurs sur internet\u2026 Dans notre quotidien, \u00e0 peu pr\u00e8s tout peut faire l\u2019objet d\u2019une norme volontaire. La perfection n\u2019existe pas mais en optimisant la caract\u00e9risation, la qualit\u00e9 et la performance d\u2019un produit ou d\u2019un service, d\u2019un proc\u00e9d\u00e9, d\u2019une m\u00e9thode de mesures et d\u2019essais, d\u2019un syst\u00e8me d\u2019organisation, la diffusion d\u2019un langage commun\u2026, nous nous en approchons. Tout ce qui est normalis\u00e9, l\u2019est dans une exigence d\u2019am\u00e9lioration permanente et de progr\u00e8s au service de tous.\t\t\t\t\t\t  <\/div>\r\n\t\t\t\t\t\t<\/div>\r\n\t\t\t\t\t<\/div>\r\n\t\t\t\t\t<!-- Inner panel End -->\r\n\t\t\t\t\t\r\n\t\t\t\t\t\t\t\t\r\n\t\t\t\t\t<!-- Inner panel Start -->\r\n\t\t\t\t\t<div class=\"wpsm_panel wpsm_panel-default\">\r\n\t\t\t\t\t\t<div class=\"wpsm_panel-heading\" role=\"tab\" >\r\n\t\t\t\t\t\t  <h4 class=\"wpsm_panel-title\">\r\n\t\t\t\t\t\t\t<a  class=\"collapsed\"  data-toggle=\"collapse\" data-parent=\"#wpsm_accordion_880 \" href=\"javascript:void(0)\" data-target=\"#ac_880_collapse5\" onclick=\"do_resize()\">\r\n\t\t\t\t\t\t\t\t\t\t\t\t\t\t\t\t\t<span class=\"ac_open_cl_icon fa fa-plus\"><\/span>\r\n\t\t\t\t\t\t\t\t\t\r\n\t\t\t\t\t\t\t\t \r\n\t\t\t\t\t\t\t\t<span class=\"ac_title_class\">\r\n\t\t\t\t\t\t\t\t\tQuelle est la diff\u00e9rence entre normalisation et r\u00e9glementation ?\t\t\t\t\t\t\t\t<\/span>\r\n\t\t\t\t\t\t\t<\/a>\r\n\t\t\t\t\t\t  <\/h4>\r\n\t\t\t\t\t\t<\/div>\r\n\t\t\t\t\t\t<div id=\"ac_880_collapse5\" class=\"wpsm_panel-collapse collapse \"  >\r\n\t\t\t\t\t\t  <div class=\"wpsm_panel-body\">\r\n\t\t\t\t\t\t\tLa r\u00e9glementation rel\u00e8ve des pouvoirs publics. Elle est l\u2019expression d\u2019une loi, d\u2019un r\u00e8glement et son application est impos\u00e9e. A contrario, les normes rev\u00eatent un caract\u00e8re volontaire. S\u2019y conformer n\u2019est pas une obligation. Elles traduisent l\u2019engagement des entreprises \u00e0 satisfaire un niveau de qualit\u00e9 et s\u00e9curit\u00e9 reconnu et approuv\u00e9. Les normes volontaires peuvent soutenir la r\u00e9glementation en \u00e9tant cit\u00e9es comme documents de r\u00e9f\u00e9rence. Seules 1 % des normes sont d\u2019application obligatoire.\r\nAu niveau europ\u00e9en, la Nouvelle Approche, principe pos\u00e9 en mai 1985, formalise l\u2019articulation entre entre r\u00e9glementation et normalisation en r\u00e9partissant les r\u00f4les entre les deux : \u00e0 la premi\u00e8re, le soin de fixer des objectifs \u00e0 atteindre pour assurer la s\u00e9curit\u00e9 et la sant\u00e9 des personnes ou la protection de l\u2019environnement (obligation de r\u00e9sultats) ; \u00e0 la seconde, le soin de d\u00e9crire les solutions permettant d\u2019atteindre les objectifs fix\u00e9s (recommandation de moyens). Plus d\u2019informations : La nouvelle approche \u2013 France Normalisation\r\n\t\t\t\t\t\t  <\/div>\r\n\t\t\t\t\t\t<\/div>\r\n\t\t\t\t\t<\/div>\r\n\t\t\t\t\t<!-- Inner panel End -->\r\n\t\t\t\t\t\r\n\t\t\t\t\t\t\t\t\r\n\t\t\t\t\t<!-- Inner panel Start -->\r\n\t\t\t\t\t<div class=\"wpsm_panel wpsm_panel-default\">\r\n\t\t\t\t\t\t<div class=\"wpsm_panel-heading\" role=\"tab\" >\r\n\t\t\t\t\t\t  <h4 class=\"wpsm_panel-title\">\r\n\t\t\t\t\t\t\t<a  class=\"collapsed\"  data-toggle=\"collapse\" data-parent=\"#wpsm_accordion_880 \" href=\"javascript:void(0)\" data-target=\"#ac_880_collapse6\" onclick=\"do_resize()\">\r\n\t\t\t\t\t\t\t\t\t\t\t\t\t\t\t\t\t<span class=\"ac_open_cl_icon fa fa-plus\"><\/span>\r\n\t\t\t\t\t\t\t\t\t\r\n\t\t\t\t\t\t\t\t \r\n\t\t\t\t\t\t\t\t<span class=\"ac_title_class\">\r\n\t\t\t\t\t\t\t\t\tComment prouver la conformit\u00e9 de son produit ou de son service aux normes volontaires de r\u00e9f\u00e9rence ?\t\t\t\t\t\t\t\t<\/span>\r\n\t\t\t\t\t\t\t<\/a>\r\n\t\t\t\t\t\t  <\/h4>\r\n\t\t\t\t\t\t<\/div>\r\n\t\t\t\t\t\t<div id=\"ac_880_collapse6\" class=\"wpsm_panel-collapse collapse \"  >\r\n\t\t\t\t\t\t  <div class=\"wpsm_panel-body\">\r\n\t\t\t\t\t\t\tLa conformit\u00e9 aux normes volontaires peut faire l\u2019objet d\u2019une d\u00e9claration du fournisseur sous sa seule responsabilit\u00e9. Il s\u2019engage sur la qualit\u00e9 de sa production, de ses prestations ou de son organisation. Le fournisseur ou le client peut \u00e9galement demander que cette conformit\u00e9 soit attest\u00e9e par un organisme tiers, comp\u00e9tent (laboratoire, organisme d\u2019inspection, organisme de certification\u2026). Lequel se charge de v\u00e9rifier que le produit, le service ou le syst\u00e8me concern\u00e9 r\u00e9pond aux exigences de la norme.\t\t\t\t\t\t  <\/div>\r\n\t\t\t\t\t\t<\/div>\r\n\t\t\t\t\t<\/div>\r\n\t\t\t\t\t<!-- Inner panel End -->\r\n\t\t\t\t\t\r\n\t\t\t\t\t\t\t<\/div>\r\n\t\t\t\r\n<script type=\"text\/javascript\">\r\n\t\r\n\t\tfunction do_resize(){\r\n\r\n\t\t\tvar width=jQuery( '.wpsm_panel .wpsm_panel-body iframe' ).width();\r\n\t\t\tvar height=jQuery( '.wpsm_panel .wpsm_panel-body iframe' ).height();\r\n\r\n\t\t\tvar toggleSize = true;\r\n\t\t\tjQuery('iframe').animate({\r\n\t\t\t    width: toggleSize ? width : 640,\r\n\t\t\t    height: toggleSize ? height : 360\r\n\t\t\t  }, 250);\r\n\r\n\t\t\t  toggleSize = !toggleSize;\r\n\t\t}\r\n\t\t\r\n<\/script>\t\n","protected":false},"excerpt":{"rendered":"","protected":false},"author":1,"featured_media":0,"parent":0,"menu_order":0,"comment_status":"closed","ping_status":"closed","template":"","meta":{"_acf_changed":false,"_gspb_post_css":"","om_disable_all_campaigns":false,"_monsterinsights_skip_tracking":false,"_monsterinsights_sitenote_active":false,"_monsterinsights_sitenote_note":"","_monsterinsights_sitenote_category":0,"_uf_show_specific_survey":0,"_uf_disable_surveys":false,"footnotes":""},"class_list":["post-211","page","type-page","status-publish","hentry"],"blocksy_meta":[],"acf":[],"yoast_head":"<!-- This site is optimized with the Yoast SEO plugin v24.5 - https:\/\/yoast.com\/wordpress\/plugins\/seo\/ -->\n<title>FAQ - apromenrdc.org<\/title>\n<meta name=\"robots\" content=\"index, follow, max-snippet:-1, max-image-preview:large, max-video-preview:-1\" \/>\n<link rel=\"canonical\" href=\"https:\/\/apromenrdc.org\/?page_id=211\" \/>\n<meta property=\"og:locale\" content=\"fr_FR\" \/>\n<meta property=\"og:type\" content=\"article\" \/>\n<meta property=\"og:title\" content=\"FAQ - apromenrdc.org\" \/>\n<meta property=\"og:url\" content=\"https:\/\/apromenrdc.org\/?page_id=211\" \/>\n<meta property=\"og:site_name\" content=\"apromenrdc.org\" \/>\n<meta property=\"article:publisher\" content=\"https:\/\/www.facebook.com\/apromenrdc?mibextid=LQQJ4d\" \/>\n<meta property=\"article:modified_time\" content=\"2024-07-19T18:41:22+00:00\" \/>\n<meta property=\"og:image\" content=\"https:\/\/apromenrdc.org\/wp-content\/uploads\/2024\/06\/LOGO_APROMEN_DRC_2.png\" \/>\n\t<meta property=\"og:image:width\" content=\"932\" \/>\n\t<meta property=\"og:image:height\" content=\"234\" \/>\n\t<meta property=\"og:image:type\" content=\"image\/png\" \/>\n<meta name=\"twitter:card\" content=\"summary_large_image\" \/>\n<meta name=\"twitter:label1\" content=\"Dur\u00e9e de lecture estim\u00e9e\" \/>\n\t<meta name=\"twitter:data1\" content=\"1 minute\" \/>\n<script type=\"application\/ld+json\" class=\"yoast-schema-graph\">{\"@context\":\"https:\/\/schema.org\",\"@graph\":[{\"@type\":\"WebPage\",\"@id\":\"https:\/\/apromenrdc.org\/?page_id=211\",\"url\":\"https:\/\/apromenrdc.org\/?page_id=211\",\"name\":\"FAQ - apromenrdc.org\",\"isPartOf\":{\"@id\":\"https:\/\/apromenrdc.org\/#website\"},\"datePublished\":\"2018-09-27T19:11:29+00:00\",\"dateModified\":\"2024-07-19T18:41:22+00:00\",\"breadcrumb\":{\"@id\":\"https:\/\/apromenrdc.org\/?page_id=211#breadcrumb\"},\"inLanguage\":\"fr-FR\",\"potentialAction\":[{\"@type\":\"ReadAction\",\"target\":[\"https:\/\/apromenrdc.org\/?page_id=211\"]}]},{\"@type\":\"BreadcrumbList\",\"@id\":\"https:\/\/apromenrdc.org\/?page_id=211#breadcrumb\",\"itemListElement\":[{\"@type\":\"ListItem\",\"position\":1,\"name\":\"Accueil\",\"item\":\"https:\/\/apromenrdc.org\/\"},{\"@type\":\"ListItem\",\"position\":2,\"name\":\"FAQ\"}]},{\"@type\":\"WebSite\",\"@id\":\"https:\/\/apromenrdc.org\/#website\",\"url\":\"https:\/\/apromenrdc.org\/\",\"name\":\"apromenrdc\",\"description\":\"\",\"publisher\":{\"@id\":\"https:\/\/apromenrdc.org\/#organization\"},\"potentialAction\":[{\"@type\":\"SearchAction\",\"target\":{\"@type\":\"EntryPoint\",\"urlTemplate\":\"https:\/\/apromenrdc.org\/?s={search_term_string}\"},\"query-input\":{\"@type\":\"PropertyValueSpecification\",\"valueRequired\":true,\"valueName\":\"search_term_string\"}}],\"inLanguage\":\"fr-FR\"},{\"@type\":\"Organization\",\"@id\":\"https:\/\/apromenrdc.org\/#organization\",\"name\":\"apromen\",\"url\":\"https:\/\/apromenrdc.org\/\",\"logo\":{\"@type\":\"ImageObject\",\"inLanguage\":\"fr-FR\",\"@id\":\"https:\/\/apromenrdc.org\/#\/schema\/logo\/image\/\",\"url\":\"https:\/\/apromenrdc.org\/wp-content\/uploads\/2024\/06\/LOGO_APROMEN_DRC_2.png\",\"contentUrl\":\"https:\/\/apromenrdc.org\/wp-content\/uploads\/2024\/06\/LOGO_APROMEN_DRC_2.png\",\"width\":932,\"height\":234,\"caption\":\"apromen\"},\"image\":{\"@id\":\"https:\/\/apromenrdc.org\/#\/schema\/logo\/image\/\"},\"sameAs\":[\"https:\/\/www.facebook.com\/apromenrdc?mibextid=LQQJ4d\"]}]}<\/script>\n<!-- \/ Yoast SEO plugin. -->","yoast_head_json":{"title":"FAQ - apromenrdc.org","robots":{"index":"index","follow":"follow","max-snippet":"max-snippet:-1","max-image-preview":"max-image-preview:large","max-video-preview":"max-video-preview:-1"},"canonical":"https:\/\/apromenrdc.org\/?page_id=211","og_locale":"fr_FR","og_type":"article","og_title":"FAQ - apromenrdc.org","og_url":"https:\/\/apromenrdc.org\/?page_id=211","og_site_name":"apromenrdc.org","article_publisher":"https:\/\/www.facebook.com\/apromenrdc?mibextid=LQQJ4d","article_modified_time":"2024-07-19T18:41:22+00:00","og_image":[{"width":932,"height":234,"url":"https:\/\/apromenrdc.org\/wp-content\/uploads\/2024\/06\/LOGO_APROMEN_DRC_2.png","type":"image\/png"}],"twitter_card":"summary_large_image","twitter_misc":{"Dur\u00e9e de lecture estim\u00e9e":"1 minute"},"schema":{"@context":"https:\/\/schema.org","@graph":[{"@type":"WebPage","@id":"https:\/\/apromenrdc.org\/?page_id=211","url":"https:\/\/apromenrdc.org\/?page_id=211","name":"FAQ - apromenrdc.org","isPartOf":{"@id":"https:\/\/apromenrdc.org\/#website"},"datePublished":"2018-09-27T19:11:29+00:00","dateModified":"2024-07-19T18:41:22+00:00","breadcrumb":{"@id":"https:\/\/apromenrdc.org\/?page_id=211#breadcrumb"},"inLanguage":"fr-FR","potentialAction":[{"@type":"ReadAction","target":["https:\/\/apromenrdc.org\/?page_id=211"]}]},{"@type":"BreadcrumbList","@id":"https:\/\/apromenrdc.org\/?page_id=211#breadcrumb","itemListElement":[{"@type":"ListItem","position":1,"name":"Accueil","item":"https:\/\/apromenrdc.org\/"},{"@type":"ListItem","position":2,"name":"FAQ"}]},{"@type":"WebSite","@id":"https:\/\/apromenrdc.org\/#website","url":"https:\/\/apromenrdc.org\/","name":"apromenrdc","description":"","publisher":{"@id":"https:\/\/apromenrdc.org\/#organization"},"potentialAction":[{"@type":"SearchAction","target":{"@type":"EntryPoint","urlTemplate":"https:\/\/apromenrdc.org\/?s={search_term_string}"},"query-input":{"@type":"PropertyValueSpecification","valueRequired":true,"valueName":"search_term_string"}}],"inLanguage":"fr-FR"},{"@type":"Organization","@id":"https:\/\/apromenrdc.org\/#organization","name":"apromen","url":"https:\/\/apromenrdc.org\/","logo":{"@type":"ImageObject","inLanguage":"fr-FR","@id":"https:\/\/apromenrdc.org\/#\/schema\/logo\/image\/","url":"https:\/\/apromenrdc.org\/wp-content\/uploads\/2024\/06\/LOGO_APROMEN_DRC_2.png","contentUrl":"https:\/\/apromenrdc.org\/wp-content\/uploads\/2024\/06\/LOGO_APROMEN_DRC_2.png","width":932,"height":234,"caption":"apromen"},"image":{"@id":"https:\/\/apromenrdc.org\/#\/schema\/logo\/image\/"},"sameAs":["https:\/\/www.facebook.com\/apromenrdc?mibextid=LQQJ4d"]}]}},"_links":{"self":[{"href":"https:\/\/apromenrdc.org\/index.php?rest_route=\/wp\/v2\/pages\/211","targetHints":{"allow":["GET"]}}],"collection":[{"href":"https:\/\/apromenrdc.org\/index.php?rest_route=\/wp\/v2\/pages"}],"about":[{"href":"https:\/\/apromenrdc.org\/index.php?rest_route=\/wp\/v2\/types\/page"}],"author":[{"embeddable":true,"href":"https:\/\/apromenrdc.org\/index.php?rest_route=\/wp\/v2\/users\/1"}],"replies":[{"embeddable":true,"href":"https:\/\/apromenrdc.org\/index.php?rest_route=%2Fwp%2Fv2%2Fcomments&post=211"}],"version-history":[{"count":2,"href":"https:\/\/apromenrdc.org\/index.php?rest_route=\/wp\/v2\/pages\/211\/revisions"}],"predecessor-version":[{"id":882,"href":"https:\/\/apromenrdc.org\/index.php?rest_route=\/wp\/v2\/pages\/211\/revisions\/882"}],"wp:attachment":[{"href":"https:\/\/apromenrdc.org\/index.php?rest_route=%2Fwp%2Fv2%2Fmedia&parent=211"}],"curies":[{"name":"wp","href":"https:\/\/api.w.org\/{rel}","templated":true}]}}